{"id":2944,"date":"2023-03-08T14:56:50","date_gmt":"2023-03-08T14:56:50","guid":{"rendered":"https:\/\/gestioncoulombe.com\/portfolio\/"},"modified":"2023-07-21T14:26:33","modified_gmt":"2023-07-21T14:26:33","slug":"portfolio","status":"publish","type":"page","link":"https:\/\/gestioncoulombe.com\/en\/portfolio\/","title":{"rendered":"Portfolio"},"content":{"rendered":"\t\t<div data-elementor-type=\"wp-page\" data-elementor-id=\"2944\" class=\"elementor elementor-2944 elementor-143\" data-elementor-post-type=\"page\">\n\t\t\t\t<div class=\"elementor-element elementor-element-5435e1f box-night-text e-flex e-con-boxed elementor-invisible e-con e-parent\" data-id=\"5435e1f\" data-element_type=\"container\" data-settings=\"{&quot;background_background&quot;:&quot;classic&quot;,&quot;animation&quot;:&quot;slideInDown&quot;}\">\n\t\t\t\t\t<div class=\"e-con-inner\">\n\t\t\t\t<div class=\"elementor-element elementor-element-46835e3 elementor-widget elementor-widget-heading\" data-id=\"46835e3\" data-element_type=\"widget\" data-widget_type=\"heading.default\">\n\t\t\t\t<div class=\"elementor-widget-container\">\n\t\t\t<style>\/*! elementor - v3.22.0 - 17-06-2024 *\/\n.elementor-heading-title{padding:0;margin:0;line-height:1}.elementor-widget-heading .elementor-heading-title[class*=elementor-size-]>a{color:inherit;font-size:inherit;line-height:inherit}.elementor-widget-heading .elementor-heading-title.elementor-size-small{font-size:15px}.elementor-widget-heading .elementor-heading-title.elementor-size-medium{font-size:19px}.elementor-widget-heading .elementor-heading-title.elementor-size-large{font-size:29px}.elementor-widget-heading .elementor-heading-title.elementor-size-xl{font-size:39px}.elementor-widget-heading .elementor-heading-title.elementor-size-xxl{font-size:59px}<\/style><h1 class=\"elementor-heading-title elementor-size-default\">Portfolio<\/h1>\t\t<\/div>\n\t\t\t\t<\/div>\n\t\t\t\t\t<\/div>\n\t\t\t\t<\/div>\n\t\t<div class=\"elementor-element elementor-element-54cfcdf e-flex e-con-boxed elementor-invisible e-con e-parent\" data-id=\"54cfcdf\" data-element_type=\"container\" data-settings=\"{&quot;animation&quot;:&quot;zoomIn&quot;}\">\n\t\t\t\t\t<div class=\"e-con-inner\">\n\t\t\t\t<div class=\"elementor-element elementor-element-715f7e0 elementor-widget elementor-widget-html\" data-id=\"715f7e0\" data-element_type=\"widget\" data-widget_type=\"html.default\">\n\t\t\t\t<div class=\"elementor-widget-container\">\n\t\t\t<div class=\"grid-portfolio-items\"><div class=\"item-portfolio-loop\"><div class=\"info-portfolio-loop\"><h2 class=\"title-portfolio\">StoneHaven &#8211; Le Manoir : 40 Chemin du Lac-des-Sables<\/h2><p class=\"text\">The main manor was built in 1908 by Douglas McGibbons, a wealthy Montreal businessman who wanted to move to the Laurentides to treat his tuberculosis.<\/p><a href=\"https:\/\/gestioncoulombe.com\/en\/portfolio\/40-chemin-du-lac-des-sables\/\">See the building <i aria-hidden=\"true\" class=\"fas fa-arrow-right\"><\/i><\/a><\/div><div class=\"wrapper-img\"><img decoding=\"async\" src=\"https:\/\/gestioncoulombe.com\/wp-content\/uploads\/2023\/04\/manoirStone.webp\" alt=\"manoirStone\"\/><\/div><\/div><div class=\"item-portfolio-loop\"><div class=\"info-portfolio-loop\"><h2 class=\"title-portfolio\">280 Sainte- Catherine Ouest- Pavillon de l\u2019\u00c9cole sup\u00e9rieure de Mode de Montr\u00e9al (UQAM)<\/h2><p class=\"text\">Formerly two buildings that were later combined into one with the addition of a full floor in 2014, the building...<\/p><a href=\"https:\/\/gestioncoulombe.com\/en\/portfolio\/280-sainte-catherine-montreal\/\">See the building <i aria-hidden=\"true\" class=\"fas fa-arrow-right\"><\/i><\/a><\/div><div class=\"wrapper-img\"><img decoding=\"async\" src=\"https:\/\/gestioncoulombe.com\/wp-content\/uploads\/2023\/04\/sainteCatherine-1.webp\" alt=\"sainteCatherine\"\/><\/div><\/div><div class=\"item-portfolio-loop\"><div class=\"info-portfolio-loop\"><h2 class=\"title-portfolio\">93-95 Richelieu<\/h2><p class=\"text\">Located in Old Saint-Jean, the building is a construction dating back to the last quarter of the 19th century.<\/p><a href=\"https:\/\/gestioncoulombe.com\/en\/portfolio\/93-95-rue-richelieu-saint-jean-sur-richelieu\/\">See the building <i aria-hidden=\"true\" class=\"fas fa-arrow-right\"><\/i><\/a><\/div><div class=\"wrapper-img\"><img decoding=\"async\" src=\"https:\/\/gestioncoulombe.com\/wp-content\/uploads\/2023\/04\/9395Richelieu.webp\" alt=\"9395Richelieu\"\/><\/div><\/div><div class=\"item-portfolio-loop\"><div class=\"info-portfolio-loop\"><h2 class=\"title-portfolio\">182-190 Richelieu<\/h2><p class=\"text\">The building dating from 1877 originally housed three shops on the ground floor and residential housing upstairs.<\/p><a href=\"https:\/\/gestioncoulombe.com\/en\/portfolio\/182-190-rue-richelieu-saint-jean-sur-richelieu\/\">See the building <i aria-hidden=\"true\" class=\"fas fa-arrow-right\"><\/i><\/a><\/div><div class=\"wrapper-img\"><img decoding=\"async\" src=\"https:\/\/gestioncoulombe.com\/wp-content\/uploads\/2023\/04\/182192Richelieu.webp\" alt=\"182192Richelieu\"\/><\/div><\/div><div class=\"item-portfolio-loop\"><div class=\"info-portfolio-loop\"><h2 class=\"title-portfolio\">2030 Pie-IX- American Can building<\/h2><p class=\"text\">This 1918 building originally housed the tin can manufacturing company American Can Company, one of the biggest employers in the city at the time.<\/p><a href=\"https:\/\/gestioncoulombe.com\/en\/portfolio\/2030-boulevard-pie-ix-hochelaga-maisonneuve\/\">See the building <i aria-hidden=\"true\" class=\"fas fa-arrow-right\"><\/i><\/a><\/div><div class=\"wrapper-img\"><img decoding=\"async\" src=\"https:\/\/gestioncoulombe.com\/wp-content\/uploads\/2023\/04\/2030American.webp\" alt=\"2030American\"\/><\/div><\/div><div class=\"item-portfolio-loop\"><div class=\"info-portfolio-loop\"><h2 class=\"title-portfolio\">914 Notre-Dame- Le Rodier<\/h2><p class=\"text\">This 1875 building bears the name of Charles-S\u00e9raphin Rodier Jr., a French-Canadian businessman very well known in the Montreal business community.<\/p><a href=\"https:\/\/gestioncoulombe.com\/en\/portfolio\/914-notre-dame-le-rodier\/\">See the building <i aria-hidden=\"true\" class=\"fas fa-arrow-right\"><\/i><\/a><\/div><div class=\"wrapper-img\"><img decoding=\"async\" src=\"https:\/\/gestioncoulombe.com\/wp-content\/uploads\/2023\/04\/914notredame.webp\" alt=\"914notredame\"\/><\/div><\/div><div class=\"item-portfolio-loop\"><div class=\"info-portfolio-loop\"><h2 class=\"title-portfolio\">432-434 Saint-Pierre<\/h2><p class=\"text\">This 1856 building has innovative architectural features for its construction period: its stone frame allows floor-to-ceiling windows offering maximum natural lighting.<\/p><a href=\"https:\/\/gestioncoulombe.com\/en\/portfolio\/432-rue-saint-pierre-vieux-montreal\/\">See the building <i aria-hidden=\"true\" class=\"fas fa-arrow-right\"><\/i><\/a><\/div><div class=\"wrapper-img\"><img decoding=\"async\" src=\"https:\/\/gestioncoulombe.com\/wp-content\/uploads\/2023\/04\/saintPierre432.webp\" alt=\"saintPierre432\"\/><\/div><\/div><div class=\"item-portfolio-loop\"><div class=\"info-portfolio-loop\"><h2 class=\"title-portfolio\">420 McGill- Maison de l\u2019architecture et du design<\/h2><p class=\"text\">The building, built in 1881, combines today three restored buildings into one.<\/p><a href=\"https:\/\/gestioncoulombe.com\/en\/portfolio\/420-rue-mcgill-vieux-montreal\/\">See the building <i aria-hidden=\"true\" class=\"fas fa-arrow-right\"><\/i><\/a><\/div><div class=\"wrapper-img\"><img decoding=\"async\" src=\"https:\/\/gestioncoulombe.com\/wp-content\/uploads\/2023\/04\/420mcGill.webp\" alt=\"420mcGill\"\/><\/div><\/div><div class=\"item-portfolio-loop\"><div class=\"info-portfolio-loop\"><h2 class=\"title-portfolio\">416 McGill<\/h2><p class=\"text\">This building dating back to 1846 is part of a group of buildings at 412, 414 and 416 McGill Street, three separate buildings that were constructed together and subsequently divided in two properties (414 and 416 McGill Street).<\/p><a href=\"https:\/\/gestioncoulombe.com\/en\/portfolio\/416-rue-mcgill-vieux-montreal\/\">See the building <i aria-hidden=\"true\" class=\"fas fa-arrow-right\"><\/i><\/a><\/div><div class=\"wrapper-img\"><img decoding=\"async\" src=\"https:\/\/gestioncoulombe.com\/wp-content\/uploads\/2023\/04\/416mcGill.webp\" alt=\"416mcGill\"\/><\/div><\/div><div class=\"item-portfolio-loop\"><div class=\"info-portfolio-loop\"><h2 class=\"title-portfolio\">414 McGill<\/h2><p class=\"text\">This building dating back to 1855 is part of a group of buildings at 412, 414 and 416 McGill Street, three separate buildings that were constructed together and subsequently divided in two properties (414 and 416 McGill).<\/p><a href=\"https:\/\/gestioncoulombe.com\/en\/portfolio\/414-rue-mcgill-vieux-montreal\/\">See the building <i aria-hidden=\"true\" class=\"fas fa-arrow-right\"><\/i><\/a><\/div><div class=\"wrapper-img\"><img decoding=\"async\" src=\"https:\/\/gestioncoulombe.com\/wp-content\/uploads\/2023\/04\/414mcgill.webp\" alt=\"414mcgill\"\/><\/div><\/div><div class=\"item-portfolio-loop\"><div class=\"info-portfolio-loop\"><h2 class=\"title-portfolio\">409-411 Saint-Nicolas<\/h2><p class=\"text\">This building intended for commercial use combines all the attributes sought after by amateurs of Old Montreal: Brick and stone walls, skylights, hardwood floors and a mezzanine on the top floor.<\/p><a href=\"https:\/\/gestioncoulombe.com\/en\/portfolio\/409-rue-saint-nicolas-vieux-montreal\/\">See the building <i aria-hidden=\"true\" class=\"fas fa-arrow-right\"><\/i><\/a><\/div><div class=\"wrapper-img\"><img decoding=\"async\" src=\"https:\/\/gestioncoulombe.com\/wp-content\/uploads\/2023\/04\/saintNicolas409.webp\" alt=\"saintNicolas409\"\/><\/div><\/div><div class=\"item-portfolio-loop\"><div class=\"info-portfolio-loop\"><h2 class=\"title-portfolio\">388 Saint-Jacques- Commercial Union Assurance building<\/h2><p class=\"text\">This high-rise building built in 1904-1905 for the Sovereign Bank replaced a 3-story store-warehouse.<\/p><a href=\"https:\/\/gestioncoulombe.com\/en\/portfolio\/388-rue-saint-jacques-vieux-montreal\/\">See the building <i aria-hidden=\"true\" class=\"fas fa-arrow-right\"><\/i><\/a><\/div><div class=\"wrapper-img\"><img decoding=\"async\" src=\"https:\/\/gestioncoulombe.com\/wp-content\/uploads\/2023\/04\/commercialUnion.webp\" alt=\"commercialUnion\"\/><\/div><\/div><div class=\"item-portfolio-loop\"><div class=\"info-portfolio-loop\"><h2 class=\"title-portfolio\">296 Saint-Paul Ouest<\/h2><p class=\"text\">The building at 296 Saint-Paul Street West was the first property acquired by Georges Coulombe, back in 1976.<\/p><a href=\"https:\/\/gestioncoulombe.com\/en\/portfolio\/296-rue-saint-paul-ouest-vieux-montreal\/\">See the building <i aria-hidden=\"true\" class=\"fas fa-arrow-right\"><\/i><\/a><\/div><div class=\"wrapper-img\"><img decoding=\"async\" src=\"https:\/\/gestioncoulombe.com\/wp-content\/uploads\/2023\/04\/296SaintPaul.webp\" alt=\"296SaintPaul\"\/><\/div><\/div><div class=\"item-portfolio-loop\"><div class=\"info-portfolio-loop\"><h2 class=\"title-portfolio\">288 Saint-Jacques- Molson\u2019s Bank<\/h2><p class=\"text\">The building at 288 Saint-Jacques Street is the former headquarters of the Molson bank.<\/p><a href=\"https:\/\/gestioncoulombe.com\/en\/portfolio\/288-rue-saint-jacques-vieux-montreal\/\">See the building <i aria-hidden=\"true\" class=\"fas fa-arrow-right\"><\/i><\/a><\/div><div class=\"wrapper-img\"><img decoding=\"async\" src=\"https:\/\/gestioncoulombe.com\/wp-content\/uploads\/2023\/04\/moisonBank.webp\" alt=\"moisonBank\"\/><\/div><\/div><div class=\"item-portfolio-loop\"><div class=\"info-portfolio-loop\"><h2 class=\"title-portfolio\">276 Saint-Jacques- Insurance Exchange building<\/h2><p class=\"text\">This 1924 building with over 200,000 square feet was considered one of the largest commercial buildings in Canada.<\/p><a href=\"https:\/\/gestioncoulombe.com\/en\/portfolio\/276-rue-saint-jacques-vieux-montreal\/\">See the building <i aria-hidden=\"true\" class=\"fas fa-arrow-right\"><\/i><\/a><\/div><div class=\"wrapper-img\"><img decoding=\"async\" src=\"https:\/\/gestioncoulombe.com\/wp-content\/uploads\/2023\/04\/insuranceExchange.webp\" alt=\"insuranceExchange\"\/><\/div><\/div><div class=\"item-portfolio-loop\"><div class=\"info-portfolio-loop\"><h2 class=\"title-portfolio\">231 Saint-Paul Ouest<\/h2><p class=\"text\">This building dating back to 1858 and constructed by Edwin Atwater is part of the group of buildings at 215 to 231 Saint-Paul Street West.<\/p><a href=\"https:\/\/gestioncoulombe.com\/en\/portfolio\/231-rue-saint-paul-ouest-vieux-montreal\/\">See the building <i aria-hidden=\"true\" class=\"fas fa-arrow-right\"><\/i><\/a><\/div><div class=\"wrapper-img\"><img decoding=\"async\" src=\"https:\/\/gestioncoulombe.com\/wp-content\/uploads\/2023\/04\/saintPaul.webp\" alt=\"saintPaul\"\/><\/div><\/div><div class=\"item-portfolio-loop\"><div class=\"info-portfolio-loop\"><h2 class=\"title-portfolio\">221 Saint-Paul Ouest<\/h2><p class=\"text\">This building dating back to 1858 is part of the group of buildings at 215-231 Saint-Paul Street West.<\/p><a href=\"https:\/\/gestioncoulombe.com\/en\/portfolio\/221-rue-saint-paul-ouest-vieux-montreal\/\">See the building <i aria-hidden=\"true\" class=\"fas fa-arrow-right\"><\/i><\/a><\/div><div class=\"wrapper-img\"><img decoding=\"async\" src=\"https:\/\/gestioncoulombe.com\/wp-content\/uploads\/2023\/04\/221saintPaul.webp\" alt=\"221saintPaul\"\/><\/div><\/div><div class=\"item-portfolio-loop\"><div class=\"info-portfolio-loop\"><h2 class=\"title-portfolio\">152 Notre-Dame Est- \u00c9difice La Sauvegarde<\/h2><p class=\"text\">The 1913 building was built by the first French-Canadian insurance company.<\/p><a href=\"https:\/\/gestioncoulombe.com\/en\/portfolio\/152-rue-notre-dame-est-vieux-montreal\/\">See the building <i aria-hidden=\"true\" class=\"fas fa-arrow-right\"><\/i><\/a><\/div><div class=\"wrapper-img\"><img decoding=\"async\" src=\"https:\/\/gestioncoulombe.com\/wp-content\/uploads\/2023\/04\/152notreDame.webp\" alt=\"152notreDame\"\/><\/div><\/div><div class=\"item-portfolio-loop\"><div class=\"info-portfolio-loop\"><h2 class=\"title-portfolio\">360 Saint-Jacques-Banque Royale du Canada<\/h2><p class=\"text\">In 1907, the Royal Bank of Canada moved its headquarters from Halifax to Montreal.<\/p><a href=\"https:\/\/gestioncoulombe.com\/en\/portfolio\/360-rue-saint-jacques-vieux-montreal\/\">See the building <i aria-hidden=\"true\" class=\"fas fa-arrow-right\"><\/i><\/a><\/div><div class=\"wrapper-img\"><img decoding=\"async\" src=\"https:\/\/gestioncoulombe.com\/wp-content\/uploads\/2023\/04\/bannerRoyale.webp\" alt=\"bannerRoyale\"\/><\/div><\/div><div class=\"item-portfolio-loop\"><div class=\"info-portfolio-loop\"><h2 class=\"title-portfolio\">1635-1639 Saint-Denis<\/h2><p class=\"text\">The series of buildings that characterize Saint-Denis Street between de Maisonneuve Boulevard and Sherbrooke Street were built following the Great Fire of July 1852 in Montreal.<\/p><a href=\"https:\/\/gestioncoulombe.com\/en\/portfolio\/1635-1639-saint-denis\/\">See the building <i aria-hidden=\"true\" class=\"fas fa-arrow-right\"><\/i><\/a><\/div><div class=\"wrapper-img\"><img decoding=\"async\" src=\"https:\/\/gestioncoulombe.com\/wp-content\/uploads\/2023\/04\/saintDenis.webp\" alt=\"saintDenis\"\/><\/div><\/div><div class=\"item-portfolio-loop\"><div class=\"info-portfolio-loop\"><h2 class=\"title-portfolio\">1641-1643 Saint-Denis<\/h2><p class=\"text\">The series of buildings that characterize Saint-Denis Street between de Maisonneuve Boulevard and Sherbrooke Street were built following the Great Fire of July 1852 in Montreal.<\/p><a href=\"https:\/\/gestioncoulombe.com\/en\/portfolio\/1641-1643-saint-denis\/\">See the building <i aria-hidden=\"true\" class=\"fas fa-arrow-right\"><\/i><\/a><\/div><div class=\"wrapper-img\"><img decoding=\"async\" src=\"https:\/\/gestioncoulombe.com\/wp-content\/uploads\/2023\/04\/saintDenis.webp\" alt=\"saintDenis\"\/><\/div><\/div><div class=\"item-portfolio-loop\"><div class=\"info-portfolio-loop\"><h2 class=\"title-portfolio\">1679-1681 Saint-Denis<\/h2><p class=\"text\">The series of buildings that characterize Saint-Denis Street between de Maisonneuve Boulevard and Sherbrooke Street were built following the Great Fire of July 1852 in Montreal.<\/p><a href=\"https:\/\/gestioncoulombe.com\/en\/portfolio\/1679-1681-saint-denis\/\">See the building <i aria-hidden=\"true\" class=\"fas fa-arrow-right\"><\/i><\/a><\/div><div class=\"wrapper-img\"><img decoding=\"async\" src=\"https:\/\/gestioncoulombe.com\/wp-content\/uploads\/2023\/04\/1679saintdenis.webp\" alt=\"1679saintdenis\"\/><\/div><\/div><\/div>\n\n<div class=\"pagination__items\"><\/div>\t\t<\/div>\n\t\t\t\t<\/div>\n\t\t\t\t\t<\/div>\n\t\t\t\t<\/div>\n\t\t\t\t<\/div>\n\t\t","protected":false},"excerpt":{"rendered":"<p>Portfolio<\/p>\n","protected":false},"author":2,"featured_media":0,"parent":0,"menu_order":0,"comment_status":"closed","ping_status":"closed","template":"","meta":{"_acf_changed":false,"inline_featured_image":false,"footnotes":""},"acf":[],"_links":{"self":[{"href":"https:\/\/gestioncoulombe.com\/en\/wp-json\/wp\/v2\/pages\/2944"}],"collection":[{"href":"https:\/\/gestioncoulombe.com\/en\/wp-json\/wp\/v2\/pages"}],"about":[{"href":"https:\/\/gestioncoulombe.com\/en\/wp-json\/wp\/v2\/types\/page"}],"author":[{"embeddable":true,"href":"https:\/\/gestioncoulombe.com\/en\/wp-json\/wp\/v2\/users\/2"}],"replies":[{"embeddable":true,"href":"https:\/\/gestioncoulombe.com\/en\/wp-json\/wp\/v2\/comments?post=2944"}],"version-history":[{"count":0,"href":"https:\/\/gestioncoulombe.com\/en\/wp-json\/wp\/v2\/pages\/2944\/revisions"}],"wp:attachment":[{"href":"https:\/\/gestioncoulombe.com\/en\/wp-json\/wp\/v2\/media?parent=2944"}],"curies":[{"name":"wp","href":"https:\/\/api.w.org\/{rel}","templated":true}]}}